{"id":2413,"date":"2023-07-31T11:13:25","date_gmt":"2023-07-31T10:13:25","guid":{"rendered":"https:\/\/arturmartigi.com\/sobre-nosotros\/"},"modified":"2024-03-05T17:32:59","modified_gmt":"2024-03-05T16:32:59","slug":"sobre-nosotros","status":"publish","type":"page","link":"https:\/\/arturmartigi.com\/es\/sobre-nosotros\/","title":{"rendered":"Sobre nosotros"},"content":{"rendered":"\t\t<div data-elementor-type=\"wp-page\" data-elementor-id=\"2413\" class=\"elementor elementor-2413 elementor-62\" data-elementor-post-type=\"page\">\n\t\t\t\t\t\t<section class=\"elementor-section elementor-top-section elementor-element elementor-element-fb019db elementor-section-height-min-height elementor-section-boxed elementor-section-height-default elementor-section-items-middle\" data-id=\"fb019db\" data-element_type=\"section\" data-e-type=\"section\" data-settings=\"{&quot;background_background&quot;:&quot;classic&quot;}\">\n\t\t\t\t\t\t<div class=\"elementor-container elementor-column-gap-default\">\n\t\t\t\t\t<div class=\"elementor-column elementor-col-100 elementor-top-column elementor-element elementor-element-2745588\" data-id=\"2745588\" data-element_type=\"column\" data-e-type=\"column\">\n\t\t\t<div class=\"elementor-widget-wrap\">\n\t\t\t\t\t\t\t<\/div>\n\t\t<\/div>\n\t\t\t\t\t<\/div>\n\t\t<\/section>\n\t\t\t\t<section class=\"elementor-section elementor-top-section elementor-element elementor-element-787a326 elementor-section-full_width elementor-section-height-default elementor-section-height-default\" data-id=\"787a326\" data-element_type=\"section\" data-e-type=\"section\">\n\t\t\t\t\t\t<div class=\"elementor-container elementor-column-gap-default\">\n\t\t\t\t\t<div class=\"elementor-column elementor-col-100 elementor-top-column elementor-element elementor-element-258c1fe\" data-id=\"258c1fe\" data-element_type=\"column\" data-e-type=\"column\">\n\t\t\t<div class=\"elementor-widget-wrap elementor-element-populated\">\n\t\t\t\t\t\t<div class=\"elementor-element elementor-element-7c572bd animated-slow elementor-invisible elementor-widget elementor-widget-heading\" data-id=\"7c572bd\" data-element_type=\"widget\" data-e-type=\"widget\" data-settings=\"{&quot;_animation&quot;:&quot;fadeInUp&quot;}\" data-widget_type=\"heading.default\">\n\t\t\t\t<div class=\"elementor-widget-container\">\n\t\t\t\t\t<h2 class=\"elementor-heading-title elementor-size-default\">Proporcionamos soluciones inmobiliarias personalizadas que ayuden a nuestros clientes a alcanzar sus objetivos<\/h2>\t\t\t\t<\/div>\n\t\t\t\t<\/div>\n\t\t\t\t<div class=\"elementor-element elementor-element-da0f2a6 animated-slow elementor-invisible elementor-widget elementor-widget-text-editor\" data-id=\"da0f2a6\" data-element_type=\"widget\" data-e-type=\"widget\" data-settings=\"{&quot;_animation&quot;:&quot;fadeInUp&quot;}\" data-widget_type=\"text-editor.default\">\n\t\t\t\t<div class=\"elementor-widget-container\">\n\t\t\t\t\t\t\t\t\t<p>Artur Mart\u00ed le invita a entrar en el mundo inmobiliario con 23 a\u00f1os de solidez, una inmobiliaria que se focaliza en la venta de obra nueva, propiedades de segunda mano y proyectos inmobiliarios. Nuestro motor es proporcionarle un asesoramiento sincero y transparente desde el primer instante. Estamos aqu\u00ed para guiarle con integridad en cada decisi\u00f3n.<\/p>\n<p>Creemos que la confianza es el fundamento de cada relaci\u00f3n, el v\u00ednculo que nos une a todos. Estamos comprometidos a mantener una comunicaci\u00f3n honesta en todo momento, asegur\u00e1ndonos que cada uno de ustedes se sienta bien asesorado e informado.<\/p>\n<p>Hemos tenido la oportunidad de colaborar con personas y empresas de distintos sectores. A pesar de las diferentes necesidades y desaf\u00edos, nuestro enfoque ha sido constante: proporcionar soluciones inmobiliarias personalizadas que ayuden a alcanzar sus objetivos.<\/p>\n<p>Nuestra trayectoria es un testimonio de las relaciones que hemos construido y del impacto positivo que hemos tenido en la vida de quienes conf\u00edan en nosotros. Continuaremos trabajando con pasi\u00f3n y dedicaci\u00f3n para asegurarnos de que cada proyecto sea un \u00e9xito.<\/p>\n<p>Nuestros clientes, sean promotores, inversores o particulares, son nuestra fuerza motriz, la raz\u00f3n que nos impulsa, as\u00ed como nuestra responsabilidad por seguir manteniendo un alto est\u00e1ndar en nuestro servicio.<\/p>\n\t\t\t\t\t\t\t\t<\/div>\n\t\t\t\t<\/div>\n\t\t\t\t\t<\/div>\n\t\t<\/div>\n\t\t\t\t\t<\/div>\n\t\t<\/section>\n\t\t\t\t<\/div>\n\t\t","protected":false},"excerpt":{"rendered":"<p>Proporcionamos soluciones inmobiliarias personalizadas que ayuden a nuestros clientes a alcanzar sus objetivos Artur Mart\u00ed le invita a entrar en el mundo inmobiliario con 23 a\u00f1os de solidez, una inmobiliaria que se focaliza en la venta de obra nueva, propiedades de segunda mano y proyectos inmobiliarios. Nuestro motor es proporcionarle un asesoramiento sincero y transparente [&hellip;]<\/p>\n","protected":false},"author":1,"featured_media":0,"parent":0,"menu_order":0,"comment_status":"closed","ping_status":"closed","template":"","meta":{"footnotes":""},"class_list":["post-2413","page","type-page","status-publish","hentry"],"_links":{"self":[{"href":"https:\/\/arturmartigi.com\/es\/wp-json\/wp\/v2\/pages\/2413","targetHints":{"allow":["GET"]}}],"collection":[{"href":"https:\/\/arturmartigi.com\/es\/wp-json\/wp\/v2\/pages"}],"about":[{"href":"https:\/\/arturmartigi.com\/es\/wp-json\/wp\/v2\/types\/page"}],"author":[{"embeddable":true,"href":"https:\/\/arturmartigi.com\/es\/wp-json\/wp\/v2\/users\/1"}],"replies":[{"embeddable":true,"href":"https:\/\/arturmartigi.com\/es\/wp-json\/wp\/v2\/comments?post=2413"}],"version-history":[{"count":15,"href":"https:\/\/arturmartigi.com\/es\/wp-json\/wp\/v2\/pages\/2413\/revisions"}],"predecessor-version":[{"id":3544,"href":"https:\/\/arturmartigi.com\/es\/wp-json\/wp\/v2\/pages\/2413\/revisions\/3544"}],"wp:attachment":[{"href":"https:\/\/arturmartigi.com\/es\/wp-json\/wp\/v2\/media?parent=2413"}],"curies":[{"name":"wp","href":"https:\/\/api.w.org\/{rel}","templated":true}]}}