{"id":1263,"date":"2023-07-31T11:12:02","date_gmt":"2023-07-31T10:12:02","guid":{"rendered":"https:\/\/arturmartigi.com\/contacto\/"},"modified":"2025-10-06T10:54:30","modified_gmt":"2025-10-06T09:54:30","slug":"contacto","status":"publish","type":"page","link":"https:\/\/arturmartigi.com\/es\/contacto\/","title":{"rendered":"Contacto"},"content":{"rendered":"\t\t<div data-elementor-type=\"wp-page\" data-elementor-id=\"1263\" class=\"elementor elementor-1263 elementor-50\" data-elementor-post-type=\"page\">\n\t\t\t\t\t\t<section class=\"elementor-section elementor-top-section elementor-element elementor-element-85928fe elementor-section-full_width elementor-section-height-default elementor-section-height-default\" data-id=\"85928fe\" data-element_type=\"section\" data-e-type=\"section\">\n\t\t\t\t\t\t<div class=\"elementor-container elementor-column-gap-default\">\n\t\t\t\t\t<div class=\"elementor-column elementor-col-100 elementor-top-column elementor-element elementor-element-f120343\" data-id=\"f120343\" data-element_type=\"column\" data-e-type=\"column\">\n\t\t\t<div class=\"elementor-widget-wrap elementor-element-populated\">\n\t\t\t\t\t\t<div class=\"elementor-element elementor-element-83a2978 elementor-widget elementor-widget-heading\" data-id=\"83a2978\" data-element_type=\"widget\" data-e-type=\"widget\" data-widget_type=\"heading.default\">\n\t\t\t\t<div class=\"elementor-widget-container\">\n\t\t\t\t\t<h1 class=\"elementor-heading-title elementor-size-default\">Contacto<\/h1>\t\t\t\t<\/div>\n\t\t\t\t<\/div>\n\t\t\t\t<section class=\"elementor-section elementor-inner-section elementor-element elementor-element-3b2c94a elementor-section-boxed elementor-section-height-default elementor-section-height-default\" data-id=\"3b2c94a\" data-element_type=\"section\" data-e-type=\"section\">\n\t\t\t\t\t\t<div class=\"elementor-container elementor-column-gap-default\">\n\t\t\t\t\t<div class=\"elementor-column elementor-col-33 elementor-inner-column elementor-element elementor-element-fed890b\" data-id=\"fed890b\" data-element_type=\"column\" data-e-type=\"column\">\n\t\t\t<div class=\"elementor-widget-wrap elementor-element-populated\">\n\t\t\t\t\t\t<div class=\"elementor-element elementor-element-3f99c3f elementor-widget elementor-widget-text-editor\" data-id=\"3f99c3f\" data-element_type=\"widget\" data-e-type=\"widget\" data-widget_type=\"text-editor.default\">\n\t\t\t\t<div class=\"elementor-widget-container\">\n\t\t\t\t\t\t\t\t\t<p><strong>Horario de oficina:<\/strong><br>De lunes a jueves<br>09:00h-13:00h y de 16:00h \u2013 18:00h<br>Viernes de 09:00h \u2013 13:00h&nbsp;<\/p>\t\t\t\t\t\t\t\t<\/div>\n\t\t\t\t<\/div>\n\t\t\t\t\t<\/div>\n\t\t<\/div>\n\t\t\t\t<div class=\"elementor-column elementor-col-33 elementor-inner-column elementor-element elementor-element-bfef40f\" data-id=\"bfef40f\" data-element_type=\"column\" data-e-type=\"column\">\n\t\t\t<div class=\"elementor-widget-wrap elementor-element-populated\">\n\t\t\t\t\t\t<div class=\"elementor-element elementor-element-be0d3a7 elementor-widget elementor-widget-text-editor\" data-id=\"be0d3a7\" data-element_type=\"widget\" data-e-type=\"widget\" data-widget_type=\"text-editor.default\">\n\t\t\t\t<div class=\"elementor-widget-container\">\n\t\t\t\t\t\t\t\t\t<p><strong>Tel\u00e9fonos:<\/strong><br>\n  <a href=\"tel:+34649829594\">649 829 594<\/a>\n  <br>\n    <a href=\"tel:+34977342385\">977 342 385<\/a>\n    <br>\n      <a href=\"tel:+34682783980\">682 783 980<\/a>\n    \n  \n<\/p>\t\t\t\t\t\t\t\t<\/div>\n\t\t\t\t<\/div>\n\t\t\t\t\t<\/div>\n\t\t<\/div>\n\t\t\t\t<div class=\"elementor-column elementor-col-33 elementor-inner-column elementor-element elementor-element-503540a\" data-id=\"503540a\" data-element_type=\"column\" data-e-type=\"column\">\n\t\t\t<div class=\"elementor-widget-wrap elementor-element-populated\">\n\t\t\t\t\t\t<div class=\"elementor-element elementor-element-2b44d38 elementor-widget elementor-widget-text-editor\" data-id=\"2b44d38\" data-element_type=\"widget\" data-e-type=\"widget\" data-widget_type=\"text-editor.default\">\n\t\t\t\t<div class=\"elementor-widget-container\">\n\t\t\t\t\t\t\t\t\t<p><strong>Emails:<\/strong><br><a href=\"mailto:info@arturmartigi.com\">info@arturmartigi.com<\/a><br><a href=\"mailto:artur@arturmartigi.com\">artur@arturmartigi.com<\/a><br><a href=\"mailto:industrial@arturmartigi.com\">industrial@arturmartigi.com<\/a><\/p>\t\t\t\t\t\t\t\t<\/div>\n\t\t\t\t<\/div>\n\t\t\t\t\t<\/div>\n\t\t<\/div>\n\t\t\t\t\t<\/div>\n\t\t<\/section>\n\t\t\t\t<section class=\"elementor-section elementor-inner-section elementor-element elementor-element-34c8b69 elementor-section-boxed elementor-section-height-default elementor-section-height-default\" data-id=\"34c8b69\" data-element_type=\"section\" data-e-type=\"section\">\n\t\t\t\t\t\t<div class=\"elementor-container elementor-column-gap-default\">\n\t\t\t\t\t<div class=\"elementor-column elementor-col-100 elementor-inner-column elementor-element elementor-element-e460cdf\" data-id=\"e460cdf\" data-element_type=\"column\" data-e-type=\"column\">\n\t\t\t<div class=\"elementor-widget-wrap elementor-element-populated\">\n\t\t\t\t\t\t<div class=\"elementor-element elementor-element-acea34f elementor-widget elementor-widget-heading\" data-id=\"acea34f\" data-element_type=\"widget\" data-e-type=\"widget\" data-widget_type=\"heading.default\">\n\t\t\t\t<div class=\"elementor-widget-container\">\n\t\t\t\t\t<h3 class=\"elementor-heading-title elementor-size-default\">Formulario de contacto<\/h3>\t\t\t\t<\/div>\n\t\t\t\t<\/div>\n\t\t\t\t<div class=\"elementor-element elementor-element-3b1a89b elementor-button-align-center elementor-widget elementor-widget-form\" data-id=\"3b1a89b\" data-element_type=\"widget\" data-e-type=\"widget\" data-settings=\"{&quot;step_next_label&quot;:&quot;Siguiente&quot;,&quot;step_previous_label&quot;:&quot;Anterior&quot;,&quot;button_width&quot;:&quot;100&quot;,&quot;step_type&quot;:&quot;number_text&quot;,&quot;step_icon_shape&quot;:&quot;circle&quot;}\" data-widget_type=\"form.default\">\n\t\t\t\t<div class=\"elementor-widget-container\">\n\t\t\t\t\t\t\t<form class=\"elementor-form\" method=\"post\" name=\"Nuevo formulario\" aria-label=\"Nuevo formulario\">\n\t\t\t<input type=\"hidden\" name=\"post_id\" value=\"1263\"\/>\n\t\t\t<input type=\"hidden\" name=\"form_id\" value=\"3b1a89b\"\/>\n\t\t\t<input type=\"hidden\" name=\"referer_title\" value=\"Contacto\" \/>\n\n\t\t\t\t\t\t\t<input type=\"hidden\" name=\"queried_id\" value=\"1263\"\/>\n\t\t\t\n\t\t\t<div class=\"elementor-form-fields-wrapper elementor-labels-\">\n\t\t\t\t\t\t\t\t<div class=\"elementor-field-type-text elementor-field-group elementor-column elementor-field-group-name elementor-col-33 elementor-field-required\">\n\t\t\t\t\t\t\t\t\t\t\t\t<label for=\"form-field-name\" class=\"elementor-field-label elementor-screen-only\">\n\t\t\t\t\t\t\t\tNombre\t\t\t\t\t\t\t<\/label>\n\t\t\t\t\t\t\t\t\t\t\t\t\t\t<input size=\"1\" type=\"text\" name=\"form_fields[name]\" id=\"form-field-name\" class=\"elementor-field elementor-size-sm  elementor-field-textual\" placeholder=\"Nombre\" required=\"required\">\n\t\t\t\t\t\t\t\t\t\t\t<\/div>\n\t\t\t\t\t\t\t\t<div class=\"elementor-field-type-email elementor-field-group elementor-column elementor-field-group-email elementor-col-33 elementor-field-required\">\n\t\t\t\t\t\t\t\t\t\t\t\t<label for=\"form-field-email\" class=\"elementor-field-label elementor-screen-only\">\n\t\t\t\t\t\t\t\tCorreo electr\u00f3nico\t\t\t\t\t\t\t<\/label>\n\t\t\t\t\t\t\t\t\t\t\t\t\t\t<input size=\"1\" type=\"email\" name=\"form_fields[email]\" id=\"form-field-email\" class=\"elementor-field elementor-size-sm  elementor-field-textual\" placeholder=\"Correo electr\u00f3nico\" required=\"required\">\n\t\t\t\t\t\t\t\t\t\t\t<\/div>\n\t\t\t\t\t\t\t\t<div class=\"elementor-field-type-tel elementor-field-group elementor-column elementor-field-group-field_da5a69a elementor-col-33 elementor-field-required\">\n\t\t\t\t\t\t\t\t\t\t\t\t<label for=\"form-field-field_da5a69a\" class=\"elementor-field-label elementor-screen-only\">\n\t\t\t\t\t\t\t\tTel\u00e9fono\t\t\t\t\t\t\t<\/label>\n\t\t\t\t\t\t\t\t<input size=\"1\" type=\"tel\" name=\"form_fields[field_da5a69a]\" id=\"form-field-field_da5a69a\" class=\"elementor-field elementor-size-sm  elementor-field-textual\" placeholder=\"Tel\u00e9fono\" required=\"required\" pattern=\"[0-9()#&amp;+*-=.]+\" title=\"Solo se aceptan n\u00fameros y caracteres de tel\u00e9fono (#,-,*,etc).\">\n\n\t\t\t\t\t\t<\/div>\n\t\t\t\t\t\t\t\t<div class=\"elementor-field-type-textarea elementor-field-group elementor-column elementor-field-group-message elementor-col-100\">\n\t\t\t\t\t\t\t\t\t\t\t\t<label for=\"form-field-message\" class=\"elementor-field-label elementor-screen-only\">\n\t\t\t\t\t\t\t\tMensaje\t\t\t\t\t\t\t<\/label>\n\t\t\t\t\t\t<textarea class=\"elementor-field-textual elementor-field  elementor-size-sm\" name=\"form_fields[message]\" id=\"form-field-message\" rows=\"4\" placeholder=\"Mensaje\"><\/textarea>\t\t\t\t<\/div>\n\t\t\t\t\t\t\t\t<div class=\"elementor-field-type-acceptance elementor-field-group elementor-column elementor-field-group-field_ffbce8b elementor-col-100 elementor-field-required\">\n\t\t\t\t\t\t\t<div class=\"elementor-field-subgroup\">\n\t\t\t<span class=\"elementor-field-option\">\n\t\t\t\t<input type=\"checkbox\" name=\"form_fields[field_ffbce8b]\" id=\"form-field-field_ffbce8b\" class=\"elementor-field elementor-size-sm  elementor-acceptance-field\" required=\"required\">\n\t\t\t\t<label for=\"form-field-field_ffbce8b\">He llegit i accepto la cl\u00e0usula d'informaci\u00f3 sobre <a href=\"https:\/\/arturmartigi.com\/politica-de-privacidad\/\" target=\"_blank\">protecci\u00f3 de dades<\/a><\/label>\t\t\t<\/span>\n\t\t<\/div>\n\t\t\t\t\t\t<\/div>\n\t\t\t\t\t\t\t\t<div class=\"elementor-field-type-acceptance elementor-field-group elementor-column elementor-field-group-field_4c16259 elementor-col-100 elementor-field-required\">\n\t\t\t\t\t\t\t<div class=\"elementor-field-subgroup\">\n\t\t\t<span class=\"elementor-field-option\">\n\t\t\t\t<input type=\"checkbox\" name=\"form_fields[field_4c16259]\" id=\"form-field-field_4c16259\" class=\"elementor-field elementor-size-sm  elementor-acceptance-field\" required=\"required\">\n\t\t\t\t<label for=\"form-field-field_4c16259\">Autorizo al tratamiento de mis datos para poder recibir informaci\u00f3n por medios electr\u00f3nicos<\/label>\t\t\t<\/span>\n\t\t<\/div>\n\t\t\t\t\t\t<\/div>\n\t\t\t\t\t\t\t\t<div class=\"elementor-field-type-recaptcha_v3 elementor-field-group elementor-column elementor-field-group-field_bc2ee00 elementor-col-100 recaptcha_v3-bottomright\">\n\t\t\t\t\t<div class=\"elementor-field\" id=\"form-field-field_bc2ee00\"><div class=\"elementor-g-recaptcha\" data-sitekey=\"6Ld0aBUpAAAAAAky88tFGIIdOiIcUqaRYvgvFAWT\" data-type=\"v3\" data-action=\"Form\" data-badge=\"bottomright\" data-size=\"invisible\"><\/div><\/div>\t\t\t\t<\/div>\n\t\t\t\t\t\t\t\t<div class=\"elementor-field-group elementor-column elementor-field-type-submit elementor-col-100 e-form__buttons\">\n\t\t\t\t\t<button class=\"elementor-button elementor-size-sm\" type=\"submit\">\n\t\t\t\t\t\t<span class=\"elementor-button-content-wrapper\">\n\t\t\t\t\t\t\t\t\t\t\t\t\t\t\t\t\t\t\t\t\t\t<span class=\"elementor-button-text\">Enviar<\/span>\n\t\t\t\t\t\t\t\t\t\t\t\t\t<\/span>\n\t\t\t\t\t<\/button>\n\t\t\t\t<\/div>\n\t\t\t<\/div>\n\t\t<\/form>\n\t\t\t\t\t\t<\/div>\n\t\t\t\t<\/div>\n\t\t\t\t<div class=\"elementor-element elementor-element-46d6022 elementor-widget elementor-widget-toggle\" data-id=\"46d6022\" data-element_type=\"widget\" data-e-type=\"widget\" data-widget_type=\"toggle.default\">\n\t\t\t\t<div class=\"elementor-widget-container\">\n\t\t\t\t\t\t\t<div class=\"elementor-toggle\">\n\t\t\t\t\t\t\t<div class=\"elementor-toggle-item\">\n\t\t\t\t\t<div id=\"elementor-tab-title-7421\" class=\"elementor-tab-title\" data-tab=\"1\" role=\"button\" aria-controls=\"elementor-tab-content-7421\" aria-expanded=\"false\">\n\t\t\t\t\t\t\t\t\t\t\t\t<span class=\"elementor-toggle-icon elementor-toggle-icon-left\" aria-hidden=\"true\">\n\t\t\t\t\t\t\t\t\t\t\t\t\t\t\t<span class=\"elementor-toggle-icon-closed\"><svg xmlns=\"http:\/\/www.w3.org\/2000\/svg\" width=\"34\" height=\"52\" viewBox=\"0 0 34 52\" fill=\"none\"><g clip-path=\"url(#clip0_2_4)\"><path d=\"M2.2 34.1L0.799999 35.5L17 51.7L33.2 35.5L31.8 34.1L18 47.9L18 0.299988L16 0.299988L16 47.9L2.2 34.1Z\" fill=\"black\"><\/path><\/g><defs><clipPath id=\"clip0_2_4\"><rect width=\"52\" height=\"34\" fill=\"white\" transform=\"matrix(0 1 -1 0 34 0)\"><\/rect><\/clipPath><\/defs><\/svg><\/span>\n\t\t\t\t\t\t\t\t<span class=\"elementor-toggle-icon-opened\"><svg xmlns=\"http:\/\/www.w3.org\/2000\/svg\" width=\"34\" height=\"52\" viewBox=\"0 0 34 52\" fill=\"none\"><g clip-path=\"url(#clip0_2_4)\"><path d=\"M31.8 17.9L33.2 16.5L17 0.300014L0.800003 16.5L2.2 17.9L16 4.10001L16 51.7H18L18 4.10001L31.8 17.9Z\" fill=\"black\"><\/path><\/g><defs><clipPath id=\"clip0_2_4\"><rect width=\"52\" height=\"34\" fill=\"white\" transform=\"matrix(0 -1 1 0 0 52)\"><\/rect><\/clipPath><\/defs><\/svg><\/span>\n\t\t\t\t\t\t\t\t\t\t\t\t\t<\/span>\n\t\t\t\t\t\t\t\t\t\t\t\t<a class=\"elementor-toggle-title\" tabindex=\"0\">Leer Protecci\u00f3n de Datos RGPDUE 2016\/679 \u2013 LOPDGDD 3\/2018<\/a>\n\t\t\t\t\t<\/div>\n\n\t\t\t\t\t<div id=\"elementor-tab-content-7421\" class=\"elementor-tab-content elementor-clearfix\" data-tab=\"1\" role=\"region\" aria-labelledby=\"elementor-tab-title-7421\"><p><span style=\"font-size: 12px; line-height: 1em;\"><strong>Responsable:<\/strong> Artur Mart\u00ed <br \/><strong>Finalidad:<\/strong> Recogida y tratamiento de sus datos para atender sus consultas y facilitarle informaci\u00f3n peri\u00f3dicamente sobre nuestros productos y servicios que pueden ser de su inter\u00e9s y\/o preferencia por medios electr\u00f3nicos actuales o futuros, siempre que nos autorice a su tratamiento.<br \/><strong>Legitimaci\u00f3n:<\/strong> Inter\u00e9s leg\u00edtimo del tratamiento por parte del responsable para mantener la relaci\u00f3n \/servicios con clientes y\/o posibles clientes.<br \/>Consentimiento inequ\u00edvoco y espec\u00edfico otorgado por el propio interesado<br \/><strong>Destinatarios:<\/strong> No se ceder\u00e1n datos a terceros, salvo obligaci\u00f3n legal.<br \/><strong>Derechos:<\/strong> Acceder, rectificar y suprimir los datos, as\u00ed como otros derechos como se explica en la +info adicional RGPDUE<br \/><strong>Informaci\u00f3n adicional:<\/strong> Puede consultar la informaci\u00f3n adicional y detallada sobre protecci\u00f3n de datos en nuestra p\u00e1gina web:arturmartigi.com<\/span><\/p>\n<\/div>\n\t\t\t\t<\/div>\n\t\t\t\t\t\t\t\t<\/div>\n\t\t\t\t\t\t<\/div>\n\t\t\t\t<\/div>\n\t\t\t\t<div class=\"elementor-element elementor-element-c6d002f elementor-widget elementor-widget-html\" data-id=\"c6d002f\" data-element_type=\"widget\" data-e-type=\"widget\" data-widget_type=\"html.default\">\n\t\t\t\t<div class=\"elementor-widget-container\">\n\t\t\t\t\t<script>  jQuery(document).ready(function($) {  var delay = 100; setTimeout(function() {  $('.elementor-tab-title').removeClass('elementor-active');  $('.elementor-tab-content').css('display', 'none'); }, delay);  });  <\/script>\t\t\t\t<\/div>\n\t\t\t\t<\/div>\n\t\t\t\t\t<\/div>\n\t\t<\/div>\n\t\t\t\t\t<\/div>\n\t\t<\/section>\n\t\t\t\t\t<\/div>\n\t\t<\/div>\n\t\t\t\t\t<\/div>\n\t\t<\/section>\n\t\t\t\t<section class=\"elementor-section elementor-top-section elementor-element elementor-element-c1a37a3 elementor-section-full_width elementor-section-height-default elementor-section-height-default\" data-id=\"c1a37a3\" data-element_type=\"section\" data-e-type=\"section\">\n\t\t\t\t\t\t<div class=\"elementor-container elementor-column-gap-default\">\n\t\t\t\t\t<div class=\"elementor-column elementor-col-100 elementor-top-column elementor-element elementor-element-32b1013\" data-id=\"32b1013\" data-element_type=\"column\" data-e-type=\"column\">\n\t\t\t<div class=\"elementor-widget-wrap elementor-element-populated\">\n\t\t\t\t\t\t<div class=\"elementor-element elementor-element-1804190 elementor-widget elementor-widget-google_maps\" data-id=\"1804190\" data-element_type=\"widget\" data-e-type=\"widget\" data-widget_type=\"google_maps.default\">\n\t\t\t\t<div class=\"elementor-widget-container\">\n\t\t\t\t\t\t\t<div class=\"elementor-custom-embed\">\n\t\t\t<iframe loading=\"lazy\"\n\t\t\t\t\tsrc=\"https:\/\/maps.google.com\/maps?q=Artur%20mart%C3%AD%20gesti%C3%B3%20immobiliaria&#038;t=m&#038;z=17&#038;output=embed&#038;iwloc=near\"\n\t\t\t\t\ttitle=\"Artur mart\u00ed gesti\u00f3 immobiliaria\"\n\t\t\t\t\taria-label=\"Artur mart\u00ed gesti\u00f3 immobiliaria\"\n\t\t\t><\/iframe>\n\t\t<\/div>\n\t\t\t\t\t\t<\/div>\n\t\t\t\t<\/div>\n\t\t\t\t\t<\/div>\n\t\t<\/div>\n\t\t\t\t\t<\/div>\n\t\t<\/section>\n\t\t\t\t<\/div>\n\t\t","protected":false},"excerpt":{"rendered":"<p>Contacto Horario de oficina:De lunes a jueves09:00h-13:00h y de 16:00h \u2013 18:00hViernes de 09:00h \u2013 13:00h&nbsp; Tel\u00e9fonos: 649 829 594 977 342 385 682 783 980 Emails:info@arturmartigi.comartur@arturmartigi.comindustrial@arturmartigi.com Formulario de contacto Leer Protecci\u00f3n de Datos RGPDUE 2016\/679 \u2013 LOPDGDD 3\/2018 Responsable: Artur Mart\u00ed Finalidad: Recogida y tratamiento de sus datos para atender sus consultas y facilitarle [&hellip;]<\/p>\n","protected":false},"author":1,"featured_media":0,"parent":0,"menu_order":0,"comment_status":"closed","ping_status":"closed","template":"","meta":{"footnotes":""},"class_list":["post-1263","page","type-page","status-publish","hentry"],"_links":{"self":[{"href":"https:\/\/arturmartigi.com\/es\/wp-json\/wp\/v2\/pages\/1263","targetHints":{"allow":["GET"]}}],"collection":[{"href":"https:\/\/arturmartigi.com\/es\/wp-json\/wp\/v2\/pages"}],"about":[{"href":"https:\/\/arturmartigi.com\/es\/wp-json\/wp\/v2\/types\/page"}],"author":[{"embeddable":true,"href":"https:\/\/arturmartigi.com\/es\/wp-json\/wp\/v2\/users\/1"}],"replies":[{"embeddable":true,"href":"https:\/\/arturmartigi.com\/es\/wp-json\/wp\/v2\/comments?post=1263"}],"version-history":[{"count":22,"href":"https:\/\/arturmartigi.com\/es\/wp-json\/wp\/v2\/pages\/1263\/revisions"}],"predecessor-version":[{"id":7239,"href":"https:\/\/arturmartigi.com\/es\/wp-json\/wp\/v2\/pages\/1263\/revisions\/7239"}],"wp:attachment":[{"href":"https:\/\/arturmartigi.com\/es\/wp-json\/wp\/v2\/media?parent=1263"}],"curies":[{"name":"wp","href":"https:\/\/api.w.org\/{rel}","templated":true}]}}